{"id":4066,"date":"2020-03-30T13:38:38","date_gmt":"2020-03-30T11:38:38","guid":{"rendered":"https:\/\/buyexpress.eu\/?page_id=4066"},"modified":"2020-03-30T13:38:38","modified_gmt":"2020-03-30T11:38:38","slug":"homepage","status":"publish","type":"page","link":"https:\/\/buyexpress.eu\/index.php\/en\/homepage\/","title":{"rendered":"Home"},"content":{"rendered":"<p>[vc_row fullwidth=&#8221;0&#8243; row_space=&#8221;remove_padding&#8221; isfullwidth=&#8221;0&#8243;][vc_column]\n\t\t\t<!-- START slider 1DE REVOLUTION SLIDER 6.1.1 --><p class=\"rs-p-wp-fix\"><\/p>\n\t\t\t<rs-module-wrap id=\"rev_slider_1_1_wrapper\" data-source=\"gallery\" style=\"background:transparent;padding:0;margin:0px auto;margin-top:0;margin-bottom:0;\">\n\t\t\t\t<rs-module id=\"rev_slider_1_1\" style=\"display:none;\" data-version=\"6.1.1\">\n\t\t\t\t\t<rs-slides>\n\t\t\t\t\t\t<rs-slide data-key=\"rs-1\" data-title=\"Slide\" data-anim=\"ei:d;eo:d;s:600;r:0;t:fade;sl:d;\">\n\t\t\t\t\t\t\t<img loading=\"lazy\" decoding=\"async\" src=\"\/\/buyexpress.eu\/wp-content\/plugins\/revslider\/public\/assets\/assets\/transparent.png\" title=\"toner\" width=\"1920\" height=\"463\" data-bg=\"p:center top;c:linear-gradient(90deg, rgba(247,247,247,1) 0%, rgba(121,106,75,1) 100%);f:contain;\" class=\"rev-slidebg\" data-no-retina>\n<!--\n\t\t\t\t\t\t\t--><rs-layer\n\t\t\t\t\t\t\t\tid=\"slider-1-slide-1-layer-2\" \n\t\t\t\t\t\t\t\tdata-type=\"image\"\n\t\t\t\t\t\t\t\tdata-rsp_ch=\"on\"\n\t\t\t\t\t\t\t\tdata-xy=\"xo:732px,640px,486px,299px;yo:61px,53px,40px,59px;\"\n\t\t\t\t\t\t\t\tdata-text=\"w:normal;s:20,17,12,7;l:0,21,15,9;\"\n\t\t\t\t\t\t\t\tdata-dim=\"w:400px,350px,265px,184px;h:296px,259px,196px,136px;\"\n\t\t\t\t\t\t\t\tdata-frame_1=\"st:360;sR:360;\"\n\t\t\t\t\t\t\t\tdata-frame_999=\"o:0;st:w;sR:8340;\"\n\t\t\t\t\t\t\t\tstyle=\"z-index:10;font-family:Roboto;\"\n\t\t\t\t\t\t\t><img loading=\"lazy\" decoding=\"async\" src=\"\/\/buyexpress.eu\/wp-content\/uploads\/2015\/12\/toner-750x510.png\" width=\"750\" height=\"510\" data-no-retina> \n\t\t\t\t\t\t\t<\/rs-layer><!--\n\n\t\t\t\t\t\t\t--><rs-layer\n\t\t\t\t\t\t\t\tid=\"slider-1-slide-1-layer-3\" \n\t\t\t\t\t\t\t\tdata-type=\"text\"\n\t\t\t\t\t\t\t\tdata-color=\"#222b2c\"\n\t\t\t\t\t\t\t\tdata-rsp_ch=\"on\"\n\t\t\t\t\t\t\t\tdata-xy=\"xo:3px,2px,7px,11px;yo:78px,7px,14px,29px;\"\n\t\t\t\t\t\t\t\tdata-text=\"s:56,51,40,19;l:60,55,46,24;ls:0,0,0px,0px;fw:500;\"\n\t\t\t\t\t\t\t\tdata-frame_0=\"y:43px,39px,39px,30px;tp:600;\"\n\t\t\t\t\t\t\t\tdata-frame_1=\"tp:600;e:Power2.easeInOut;st:260;sp:380;sR:260;\"\n\t\t\t\t\t\t\t\tdata-frame_999=\"y:-43px,-39px,-39px,-30px;o:0;tp:600;e:nothing;st:w;sR:8360;\"\n\t\t\t\t\t\t\t\tstyle=\"z-index:8;font-family:Heebo;\"\n\t\t\t\t\t\t\t>WIR KAUFEN IHREN TONER \n\t\t\t\t\t\t\t<\/rs-layer><!--\n\n\t\t\t\t\t\t\t--><rs-layer\n\t\t\t\t\t\t\t\tid=\"slider-1-slide-1-layer-5\" \n\t\t\t\t\t\t\t\tdata-type=\"text\"\n\t\t\t\t\t\t\t\tdata-color=\"#000000\"\n\t\t\t\t\t\t\t\tdata-rsp_ch=\"on\"\n\t\t\t\t\t\t\t\tdata-xy=\"xo:5px,12px,14px,11px;yo:163px,86px,65px,68px;\"\n\t\t\t\t\t\t\t\tdata-text=\"w:normal;s:20,17,12,13;l:24,21,15,15;\"\n\t\t\t\t\t\t\t\tdata-dim=\"w:677,570px,433px,290px;h:196px,171px,129px,143px;\"\n\t\t\t\t\t\t\t\tdata-frame_1=\"y:0px,0px,0px,3px;st:590;sR:590;\"\n\t\t\t\t\t\t\t\tdata-frame_999=\"o:0;st:w;sR:8110;\"\n\t\t\t\t\t\t\t\tstyle=\"z-index:9;font-family:Roboto;\"\n\t\t\t\t\t\t\t>Wir kaufen t\u00e4glich Restposten, \u00dcberbest\u00e4nde, Partien oder Kleinstbest\u00e4nde vieler verschiedener Marken an \u2013 von Toner, Inks, Drums \u00fcber IBT Belts, Fuser, Waste Container bis hin zu Fuser Rolls, 2nd BTR, IBT Belt Cleanern und noch vielem mehr !<br \/>\n<br \/>\nSenden Sie uns einfach eine E-Mail an kaiser@buyexpress.eu mit Ihrem Angebot. \n\t\t\t\t\t\t\t<\/rs-layer><!--\n-->\t\t\t\t\t\t<\/rs-slide>\n\t\t\t\t\t<\/rs-slides>\n\t\t\t\t\t<rs-progress class=\"rs-bottom\" style=\"visibility: hidden !important;\"><\/rs-progress>\n\t\t\t\t<\/rs-module>\n\t\t\t\t<script type=\"text\/javascript\">\n\t\t\t\t\tsetREVStartSize({c: 'rev_slider_1_1',rl:[1240,1024,778,480],el:[450,400,300,240],gw:[1170,1024,778,480],gh:[450,400,300,240],layout:'fullwidth',mh:\"0\"});\n\t\t\t\t\tvar\trevapi1,\n\t\t\t\t\t\ttpj;\n\t\t\t\t\tjQuery(function() {\n\t\t\t\t\t\ttpj = jQuery;\n\t\t\t\t\t\tif(tpj(\"#rev_slider_1_1\").revolution == undefined){\n\t\t\t\t\t\t\trevslider_showDoubleJqueryError(\"#rev_slider_1_1\");\n\t\t\t\t\t\t}else{\n\t\t\t\t\t\t\trevapi1 = tpj(\"#rev_slider_1_1\").show().revolution({\n\t\t\t\t\t\t\t\tsliderType:\"hero\",\n\t\t\t\t\t\t\t\tjsFileLocation:\"\/\/buyexpress.eu\/wp-content\/plugins\/revslider\/public\/assets\/js\/\",\n\t\t\t\t\t\t\t\tsliderLayout:\"fullwidth\",\n\t\t\t\t\t\t\t\tvisibilityLevels:\"1240,1024,778,480\",\n\t\t\t\t\t\t\t\tgridwidth:\"1170,1024,778,480\",\n\t\t\t\t\t\t\t\tgridheight:\"450,400,300,240\",\n\t\t\t\t\t\t\t\tminHeight:\"none\",\n\t\t\t\t\t\t\t\tspinner:\"spinner0\",\n\t\t\t\t\t\t\t\teditorheight:\"450,400,300,240\",\n\t\t\t\t\t\t\t\tresponsiveLevels:\"1240,1024,778,480\",\n\t\t\t\t\t\t\t\tdisableProgressBar:\"on\",\n\t\t\t\t\t\t\t\tfallbacks: {\n\t\t\t\t\t\t\t\t\tallowHTML5AutoPlayOnAndroid:true\n\t\t\t\t\t\t\t\t},\n\t\t\t\t\t\t\t});\n\t\t\t\t\t\t}\n\t\t\t\t\t\t\n\t\t\t\t\t});\n\t\t\t\t<\/script>\n\t\t\t<\/rs-module-wrap>\n\t\t\t<!-- END REVOLUTION SLIDER -->\n[\/vc_column][\/vc_row][vc_row row_space=&#8221;padding-small&#8221;][vc_column][vc_column_text]<img loading=\"lazy\" decoding=\"async\" class=\"aligncenter wp-image-3936 size-large\" src=\"https:\/\/buyexpress.eu\/wp-content\/uploads\/2020\/01\/process-1024x266.png\" alt=\"\" width=\"900\" height=\"234\" \/>[\/vc_column_text][\/vc_column][\/vc_row][vc_row row_space=&#8221;remove_margin remove_padding remove_padding_col&#8221;][vc_column][vc_column_text]<\/p>\n<h3 style=\"text-align: center;\">Formular f\u00fcr Ihren Restposten<\/h3>\n<p style=\"text-align: center;\">Klicken Sie auf das gew\u00fcnschte Dateiformat, tragen Sie Ihre Artikel ein und schicken dann das Formular per E-Mail an kaiser@buyexpress.eu !<\/p>\n<p>[\/vc_column_text][\/vc_column][\/vc_row][vc_row full_width=&#8221;stretch_row&#8221; content_placement=&#8221;middle&#8221; row_space=&#8221;remove_padding&#8221;][vc_column width=&#8221;1\/2&#8243;][vc_btn title=&#8221;Excel Datei Download&#8221; color=&#8221;chino&#8221; align=&#8221;center&#8221; i_icon_fontawesome=&#8221;fa fa-file-excel-o&#8221; add_icon=&#8221;true&#8221; link=&#8221;url:https%3A%2F%2Fbuyexpress.eu%2Fwp-content%2Fuploads%2F2015%2F12%2FBE_Einkauf.xlsx|title:BE_Einkauf.xlsx||&#8221;][\/vc_column][vc_column width=&#8221;1\/2&#8243;][vc_btn title=&#8221;PDF Datei Download&#8221; color=&#8221;chino&#8221; align=&#8221;center&#8221; i_icon_fontawesome=&#8221;fa fa-file-pdf-o&#8221; add_icon=&#8221;true&#8221; link=&#8221;url:https%3A%2F%2Fbuyexpress.eu%2Fwp-content%2Fuploads%2F2015%2F12%2FBE_Einkauf.pdf|title:BE_Einkauf.pdf|target:%20_blank|&#8221;][\/vc_column][\/vc_row]<\/p>\n","protected":false},"excerpt":{"rendered":"<p>[vc_row fullwidth=&#8221;0&#8243; row_space=&#8221;remove_padding&#8221; isfullwidth=&#8221;0&#8243;][vc_column][\/vc_column][\/vc_row][vc_row row_space=&#8221;padding-small&#8221;][vc_column][vc_column_text][\/vc_column_text][\/vc_column][\/vc_row][vc_row row_space=&#8221;remove_margin remove_padding remove_padding_col&#8221;][vc_column][vc_column_text] Formular f\u00fcr Ihren Restposten Klicken Sie auf das gew\u00fcnschte Dateiformat, tragen Sie Ihre Artikel ein und schicken dann das Formular per E-Mail an kaiser@buyexpress.eu ! [\/vc_column_text][\/vc_column][\/vc_row][vc_row full_width=&#8221;stretch_row&#8221; content_placement=&#8221;middle&#8221; row_space=&#8221;remove_padding&#8221;][vc_column width=&#8221;1\/2&#8243;][vc_btn title=&#8221;Excel Datei Download&#8221; color=&#8221;chino&#8221; align=&#8221;center&#8221; i_icon_fontawesome=&#8221;fa fa-file-excel-o&#8221; add_icon=&#8221;true&#8221; link=&#8221;url:https%3A%2F%2Fbuyexpress.eu%2Fwp-content%2Fuploads%2F2015%2F12%2FBE_Einkauf.xlsx|title:BE_Einkauf.xlsx||&#8221;][\/vc_column][vc_column width=&#8221;1\/2&#8243;][vc_btn title=&#8221;PDF Datei Download&#8221; color=&#8221;chino&#8221; align=&#8221;center&#8221; i_icon_fontawesome=&#8221;fa fa-file-pdf-o&#8221; [&hellip;]<\/p>\n","protected":false},"author":1,"featured_media":0,"parent":0,"menu_order":0,"comment_status":"closed","ping_status":"closed","template":"","meta":{"footnotes":""},"class_list":["post-4066","page","type-page","status-publish","hentry"],"yoast_head":"<!-- This site is optimized with the Yoast SEO plugin v27.4 - https:\/\/yoast.com\/product\/yoast-seo-wordpress\/ -->\n<title>Home - Buy Express<\/title>\n<meta name=\"robots\" content=\"index, follow, max-snippet:-1, max-image-preview:large, max-video-preview:-1\" \/>\n<link rel=\"canonical\" href=\"https:\/\/buyexpress.eu\/index.php\/en\/homepage\/\" \/>\n<meta property=\"og:locale\" content=\"en_GB\" \/>\n<meta property=\"og:type\" content=\"article\" \/>\n<meta property=\"og:title\" content=\"Home - Buy Express\" \/>\n<meta property=\"og:description\" content=\"[vc_row fullwidth=&#8221;0&#8243; row_space=&#8221;remove_padding&#8221; isfullwidth=&#8221;0&#8243;][vc_column][\/vc_column][\/vc_row][vc_row row_space=&#8221;padding-small&#8221;][vc_column][vc_column_text][\/vc_column_text][\/vc_column][\/vc_row][vc_row row_space=&#8221;remove_margin remove_padding remove_padding_col&#8221;][vc_column][vc_column_text] Formular f\u00fcr Ihren Restposten Klicken Sie auf das gew\u00fcnschte Dateiformat, tragen Sie Ihre Artikel ein und schicken dann das Formular per E-Mail an kaiser@buyexpress.eu ! [\/vc_column_text][\/vc_column][\/vc_row][vc_row full_width=&#8221;stretch_row&#8221; content_placement=&#8221;middle&#8221; row_space=&#8221;remove_padding&#8221;][vc_column width=&#8221;1\/2&#8243;][vc_btn title=&#8221;Excel Datei Download&#8221; color=&#8221;chino&#8221; align=&#8221;center&#8221; i_icon_fontawesome=&#8221;fa fa-file-excel-o&#8221; add_icon=&#8221;true&#8221; link=&#8221;url:https%3A%2F%2Fbuyexpress.eu%2Fwp-content%2Fuploads%2F2015%2F12%2FBE_Einkauf.xlsx|title:BE_Einkauf.xlsx||&#8221;][\/vc_column][vc_column width=&#8221;1\/2&#8243;][vc_btn title=&#8221;PDF Datei Download&#8221; color=&#8221;chino&#8221; align=&#8221;center&#8221; i_icon_fontawesome=&#8221;fa fa-file-pdf-o&#8221; [&hellip;]\" \/>\n<meta property=\"og:url\" content=\"https:\/\/buyexpress.eu\/index.php\/en\/homepage\/\" \/>\n<meta property=\"og:site_name\" content=\"Buy Express\" \/>\n<meta property=\"og:image\" content=\"https:\/\/buyexpress.eu\/wp-content\/uploads\/2020\/01\/process-1024x266.png\" \/>\n<meta name=\"twitter:card\" content=\"summary_large_image\" \/>\n<meta name=\"twitter:label1\" content=\"Estimated reading time\" \/>\n\t<meta name=\"twitter:data1\" content=\"1 minute\" \/>\n<script type=\"application\/ld+json\" class=\"yoast-schema-graph\">{\"@context\":\"https:\\\/\\\/schema.org\",\"@graph\":[{\"@type\":\"WebPage\",\"@id\":\"https:\\\/\\\/buyexpress.eu\\\/index.php\\\/en\\\/homepage\\\/\",\"url\":\"https:\\\/\\\/buyexpress.eu\\\/index.php\\\/en\\\/homepage\\\/\",\"name\":\"Home - Buy Express\",\"isPartOf\":{\"@id\":\"https:\\\/\\\/buyexpress.eu\\\/#website\"},\"primaryImageOfPage\":{\"@id\":\"https:\\\/\\\/buyexpress.eu\\\/index.php\\\/en\\\/homepage\\\/#primaryimage\"},\"image\":{\"@id\":\"https:\\\/\\\/buyexpress.eu\\\/index.php\\\/en\\\/homepage\\\/#primaryimage\"},\"thumbnailUrl\":\"https:\\\/\\\/buyexpress.eu\\\/wp-content\\\/uploads\\\/2020\\\/01\\\/process-1024x266.png\",\"datePublished\":\"2020-03-30T11:38:38+00:00\",\"breadcrumb\":{\"@id\":\"https:\\\/\\\/buyexpress.eu\\\/index.php\\\/en\\\/homepage\\\/#breadcrumb\"},\"inLanguage\":\"en-GB\",\"potentialAction\":[{\"@type\":\"ReadAction\",\"target\":[\"https:\\\/\\\/buyexpress.eu\\\/index.php\\\/en\\\/homepage\\\/\"]}]},{\"@type\":\"ImageObject\",\"inLanguage\":\"en-GB\",\"@id\":\"https:\\\/\\\/buyexpress.eu\\\/index.php\\\/en\\\/homepage\\\/#primaryimage\",\"url\":\"https:\\\/\\\/buyexpress.eu\\\/wp-content\\\/uploads\\\/2020\\\/01\\\/process.png\",\"contentUrl\":\"https:\\\/\\\/buyexpress.eu\\\/wp-content\\\/uploads\\\/2020\\\/01\\\/process.png\",\"width\":1098,\"height\":285},{\"@type\":\"BreadcrumbList\",\"@id\":\"https:\\\/\\\/buyexpress.eu\\\/index.php\\\/en\\\/homepage\\\/#breadcrumb\",\"itemListElement\":[{\"@type\":\"ListItem\",\"position\":1,\"name\":\"Home\",\"item\":\"https:\\\/\\\/buyexpress.eu\\\/\"},{\"@type\":\"ListItem\",\"position\":2,\"name\":\"Home\"}]},{\"@type\":\"WebSite\",\"@id\":\"https:\\\/\\\/buyexpress.eu\\\/#website\",\"url\":\"https:\\\/\\\/buyexpress.eu\\\/\",\"name\":\"Buy Express\",\"description\":\"WIR KAUFEN IHREN TONER\",\"publisher\":{\"@id\":\"https:\\\/\\\/buyexpress.eu\\\/#organization\"},\"potentialAction\":[{\"@type\":\"SearchAction\",\"target\":{\"@type\":\"EntryPoint\",\"urlTemplate\":\"https:\\\/\\\/buyexpress.eu\\\/?s={search_term_string}\"},\"query-input\":{\"@type\":\"PropertyValueSpecification\",\"valueRequired\":true,\"valueName\":\"search_term_string\"}}],\"inLanguage\":\"en-GB\"},{\"@type\":\"Organization\",\"@id\":\"https:\\\/\\\/buyexpress.eu\\\/#organization\",\"name\":\"BUYEXPRESS s.r.o.\",\"url\":\"https:\\\/\\\/buyexpress.eu\\\/\",\"logo\":{\"@type\":\"ImageObject\",\"inLanguage\":\"en-GB\",\"@id\":\"https:\\\/\\\/buyexpress.eu\\\/#\\\/schema\\\/logo\\\/image\\\/\",\"url\":\"https:\\\/\\\/buyexpress.eu\\\/wp-content\\\/uploads\\\/2015\\\/12\\\/logo_buy.png\",\"contentUrl\":\"https:\\\/\\\/buyexpress.eu\\\/wp-content\\\/uploads\\\/2015\\\/12\\\/logo_buy.png\",\"width\":662,\"height\":173,\"caption\":\"BUYEXPRESS s.r.o.\"},\"image\":{\"@id\":\"https:\\\/\\\/buyexpress.eu\\\/#\\\/schema\\\/logo\\\/image\\\/\"}}]}<\/script>\n<!-- \/ Yoast SEO plugin. -->","yoast_head_json":{"title":"Home - Buy Express","robots":{"index":"index","follow":"follow","max-snippet":"max-snippet:-1","max-image-preview":"max-image-preview:large","max-video-preview":"max-video-preview:-1"},"canonical":"https:\/\/buyexpress.eu\/index.php\/en\/homepage\/","og_locale":"en_GB","og_type":"article","og_title":"Home - Buy Express","og_description":"[vc_row fullwidth=&#8221;0&#8243; row_space=&#8221;remove_padding&#8221; isfullwidth=&#8221;0&#8243;][vc_column][\/vc_column][\/vc_row][vc_row row_space=&#8221;padding-small&#8221;][vc_column][vc_column_text][\/vc_column_text][\/vc_column][\/vc_row][vc_row row_space=&#8221;remove_margin remove_padding remove_padding_col&#8221;][vc_column][vc_column_text] Formular f\u00fcr Ihren Restposten Klicken Sie auf das gew\u00fcnschte Dateiformat, tragen Sie Ihre Artikel ein und schicken dann das Formular per E-Mail an kaiser@buyexpress.eu ! [\/vc_column_text][\/vc_column][\/vc_row][vc_row full_width=&#8221;stretch_row&#8221; content_placement=&#8221;middle&#8221; row_space=&#8221;remove_padding&#8221;][vc_column width=&#8221;1\/2&#8243;][vc_btn title=&#8221;Excel Datei Download&#8221; color=&#8221;chino&#8221; align=&#8221;center&#8221; i_icon_fontawesome=&#8221;fa fa-file-excel-o&#8221; add_icon=&#8221;true&#8221; link=&#8221;url:https%3A%2F%2Fbuyexpress.eu%2Fwp-content%2Fuploads%2F2015%2F12%2FBE_Einkauf.xlsx|title:BE_Einkauf.xlsx||&#8221;][\/vc_column][vc_column width=&#8221;1\/2&#8243;][vc_btn title=&#8221;PDF Datei Download&#8221; color=&#8221;chino&#8221; align=&#8221;center&#8221; i_icon_fontawesome=&#8221;fa fa-file-pdf-o&#8221; [&hellip;]","og_url":"https:\/\/buyexpress.eu\/index.php\/en\/homepage\/","og_site_name":"Buy Express","og_image":[{"url":"https:\/\/buyexpress.eu\/wp-content\/uploads\/2020\/01\/process-1024x266.png","type":"","width":"","height":""}],"twitter_card":"summary_large_image","twitter_misc":{"Estimated reading time":"1 minute"},"schema":{"@context":"https:\/\/schema.org","@graph":[{"@type":"WebPage","@id":"https:\/\/buyexpress.eu\/index.php\/en\/homepage\/","url":"https:\/\/buyexpress.eu\/index.php\/en\/homepage\/","name":"Home - Buy Express","isPartOf":{"@id":"https:\/\/buyexpress.eu\/#website"},"primaryImageOfPage":{"@id":"https:\/\/buyexpress.eu\/index.php\/en\/homepage\/#primaryimage"},"image":{"@id":"https:\/\/buyexpress.eu\/index.php\/en\/homepage\/#primaryimage"},"thumbnailUrl":"https:\/\/buyexpress.eu\/wp-content\/uploads\/2020\/01\/process-1024x266.png","datePublished":"2020-03-30T11:38:38+00:00","breadcrumb":{"@id":"https:\/\/buyexpress.eu\/index.php\/en\/homepage\/#breadcrumb"},"inLanguage":"en-GB","potentialAction":[{"@type":"ReadAction","target":["https:\/\/buyexpress.eu\/index.php\/en\/homepage\/"]}]},{"@type":"ImageObject","inLanguage":"en-GB","@id":"https:\/\/buyexpress.eu\/index.php\/en\/homepage\/#primaryimage","url":"https:\/\/buyexpress.eu\/wp-content\/uploads\/2020\/01\/process.png","contentUrl":"https:\/\/buyexpress.eu\/wp-content\/uploads\/2020\/01\/process.png","width":1098,"height":285},{"@type":"BreadcrumbList","@id":"https:\/\/buyexpress.eu\/index.php\/en\/homepage\/#breadcrumb","itemListElement":[{"@type":"ListItem","position":1,"name":"Home","item":"https:\/\/buyexpress.eu\/"},{"@type":"ListItem","position":2,"name":"Home"}]},{"@type":"WebSite","@id":"https:\/\/buyexpress.eu\/#website","url":"https:\/\/buyexpress.eu\/","name":"Buy Express","description":"WIR KAUFEN IHREN TONER","publisher":{"@id":"https:\/\/buyexpress.eu\/#organization"},"potentialAction":[{"@type":"SearchAction","target":{"@type":"EntryPoint","urlTemplate":"https:\/\/buyexpress.eu\/?s={search_term_string}"},"query-input":{"@type":"PropertyValueSpecification","valueRequired":true,"valueName":"search_term_string"}}],"inLanguage":"en-GB"},{"@type":"Organization","@id":"https:\/\/buyexpress.eu\/#organization","name":"BUYEXPRESS s.r.o.","url":"https:\/\/buyexpress.eu\/","logo":{"@type":"ImageObject","inLanguage":"en-GB","@id":"https:\/\/buyexpress.eu\/#\/schema\/logo\/image\/","url":"https:\/\/buyexpress.eu\/wp-content\/uploads\/2015\/12\/logo_buy.png","contentUrl":"https:\/\/buyexpress.eu\/wp-content\/uploads\/2015\/12\/logo_buy.png","width":662,"height":173,"caption":"BUYEXPRESS s.r.o."},"image":{"@id":"https:\/\/buyexpress.eu\/#\/schema\/logo\/image\/"}}]}},"_links":{"self":[{"href":"https:\/\/buyexpress.eu\/index.php\/wp-json\/wp\/v2\/pages\/4066","targetHints":{"allow":["GET"]}}],"collection":[{"href":"https:\/\/buyexpress.eu\/index.php\/wp-json\/wp\/v2\/pages"}],"about":[{"href":"https:\/\/buyexpress.eu\/index.php\/wp-json\/wp\/v2\/types\/page"}],"author":[{"embeddable":true,"href":"https:\/\/buyexpress.eu\/index.php\/wp-json\/wp\/v2\/users\/1"}],"replies":[{"embeddable":true,"href":"https:\/\/buyexpress.eu\/index.php\/wp-json\/wp\/v2\/comments?post=4066"}],"version-history":[{"count":2,"href":"https:\/\/buyexpress.eu\/index.php\/wp-json\/wp\/v2\/pages\/4066\/revisions"}],"predecessor-version":[{"id":4071,"href":"https:\/\/buyexpress.eu\/index.php\/wp-json\/wp\/v2\/pages\/4066\/revisions\/4071"}],"wp:attachment":[{"href":"https:\/\/buyexpress.eu\/index.php\/wp-json\/wp\/v2\/media?parent=4066"}],"curies":[{"name":"wp","href":"https:\/\/api.w.org\/{rel}","templated":true}]}}